{"id":1054,"date":"2020-08-27T19:50:19","date_gmt":"2020-08-27T18:50:19","guid":{"rendered":"https:\/\/www.bankogsparekassemuseet.dk\/?page_id=1054"},"modified":"2024-01-21T20:31:49","modified_gmt":"2024-01-21T19:31:49","slug":"vokser-der-penge-paa-traeerne","status":"publish","type":"page","link":"https:\/\/www.bankogsparekassemuseet.dk\/?page_id=1054","title":{"rendered":"Vokser der penge p\u00e5 tr\u00e6erne?"},"content":{"rendered":"\r\n<h2 class=\"wp-block-heading\">\u00a0<\/h2>\r\n\r\n\r\n\r\n<h2 class=\"wp-block-heading\">Vokser der penge p\u00e5 tr\u00e6erne?<\/h2>\r\n\r\n\r\n\r\n<p>Et gammelt ordsprog siger, at penge ikke vokser p\u00e5 tr\u00e6erne. Det g\u00f8r de heller ikke bogstaveligt talt. Men faktisk kan du godt f\u00e5 dine penge til at gro. Du kan spare op. Du kan investere penge, s\u00e5 du f\u00e5r endnu flere. Du kan ogs\u00e5 lave dine egne penge \u2013 artmoney. Det er kunst og penge i \u00e9t.<\/p>\r\n\r\n\r\n\r\n<p>Udstillingen er en samtaleudstillingen for hele familien om penge og v\u00e6rdi og hvordan du f\u00e5r et ok forhold til penge. Hvorfor findes penge og hvordan undg\u00e5r du at f\u00e5 minus p\u00e5 kontoen. B\u00f8rn og unge kan f.eks. l\u00e6re om lommepenge, budget og opsparing \u2013 og hvad \u00e6rlige og u\u00e6rlige penge er. Og de kan ogs\u00e5 f\u00e5 gode r\u00e5d af en pengegud til, hvordan de kan f\u00e5 deres penge til at gro og f\u00f8lge en opsparingsrute i udstillingen.<\/p>\r\n\r\n\r\n\r\n<p>Udstillingen er udviklet af Historie &amp; Kunst i K\u00f8benhavns Kommune i samarbejde med Nathalie Nystad, forfatter til \u201dDen store pengebog\u201d, kunstner Lars Christian Kr\u00e6mmer og museumsinspekt\u00f8r Kirsten Egholk.<\/p>\r\n\r\n\r\n\r\n<p><b>Artmoney \u2013 kunst og penge i \u00e9t\u00a0<\/b><\/p>\r\n\r\n\r\n\r\n<p>Artmoney har eksisteret siden 1997. Det er en global, alternativ valuta af original h\u00e5ndlavet kunst med et fast grundm\u00e5l p\u00e5 12&#215;18 cm og en fast kurs p\u00e5 kr. 200, fordi i Artmoney er alle kunstnere lige meget v\u00e6rd. Alle v\u00e6rker er skabt under corona-krisen og kan k\u00f8bes p\u00e5 museet og bruges som betaling i udvalgte butikker.<\/p>\r\n\r\n\r\n\r\n<p><a href=\"http:\/\/artmoney.org\" target=\"_blank\" rel=\"noopener\">artmoney.org<\/a><\/p>\r\n\r\n\r\n\r\n<figure class=\"wp-block-image\"><img decoding=\"async\" src=\"https:\/\/www.bankogsparekassemuseet.dk\/wp-content\/uploads\/2020\/09\/040920_VDPPT_plakatx2_620x875_final_1-726x1024.jpg\" alt=\"Vokser der penge p\u00e5 tr\u00e6serne?\" \/><\/figure>\r\n\r\n\r\n\r\n<p><a href=\"https:\/\/www.bankogsparekassemuseet.dk\/wp-content\/uploads\/2020\/09\/040920_VDPPT_plakatx2_620x875_final_1-scaled.jpg\" data-elementor-open-lightbox=\"no\">\u00a0<\/a><\/p>\r\n\r\n\r\n\r\n<h2 class=\"wp-block-heading\">\u00a0<\/h2>\r\n\r\n\r\n\r\n<p>Arrangementer<\/p>\r\n\r\n\r\n\r\n<p>I udstillingsperioden vil der v\u00e6re rundvisninger, foredrag og workshops med artmoney.\u00a0<\/p>\r\n\r\n\r\n\r\n<p><b>Til skoler<\/b><\/p>\r\n\r\n\r\n\r\n<p>Udstillingen henvender sig til elever fra 3. klasse til 7. klasse i fag som dansk, billedkunst, matematik og elevernes alsidige udvikling. Udstillingen er bygget op med sp\u00f8rgsm\u00e5l, som elever og l\u00e6rere kan snakke om undervejs, mens de f\u00f8lger en opsparingsrute og f\u00e5r gode r\u00e5d af en pengegud. \u00a0<\/p>\r\n\r\n\r\n\r\n<p>Efter forudg\u00e5ende aftale tilbyder museets frivillige om onsdagen skoleklasser en kort, gratis introduktion til udstillingen, hvorefter den skal ses p\u00e5 egen h\u00e5nd af elever og l\u00e6rere. \u00a0\u00a0<\/p>\r\n\r\n\r\n\r\n<p><a href=\"https:\/\/skoletjenesten.dk\/tilbud\/vokser-der-penge-paa-traeerne\" target=\"_blank\" rel=\"noopener\">L\u00e6s mere om\u00a0museets tilbud i Skoletjenesten.<\/a><\/p>\r\n\r\n\r\n\r\n<figure class=\"wp-block-image\"><img decoding=\"async\" src=\"https:\/\/www.bankogsparekassemuseet.dk\/wp-content\/uploads\/2020\/09\/ARTMONEY_PLAKAT_5_compressed-1-724x1024.jpg\" alt=\"ARTMONEY PLAKAT\" \/><\/figure>\r\n\r\n\r\n\r\n<p><a href=\"https:\/\/www.bankogsparekassemuseet.dk\/wp-content\/uploads\/2020\/09\/ARTMONEY_PLAKAT_5_compressed-1-scaled.jpg\" data-elementor-open-lightbox=\"no\">\u00a0<\/a><\/p>\r\n","protected":false},"excerpt":{"rendered":"<p>\u00a0 Vokser der penge p\u00e5 tr\u00e6erne? Et gammelt ordsprog siger, at penge ikke vokser p\u00e5 tr\u00e6erne. Det g\u00f8r de heller ikke bogstaveligt talt. Men faktisk kan du godt f\u00e5 dine [&hellip;]<\/p>\n","protected":false},"author":3,"featured_media":0,"parent":2106,"menu_order":5,"comment_status":"closed","ping_status":"closed","template":"","meta":{"footnotes":""},"class_list":["post-1054","page","type-page","status-publish","hentry","grve-entry-item"],"_links":{"self":[{"href":"https:\/\/www.bankogsparekassemuseet.dk\/index.php?rest_route=\/wp\/v2\/pages\/1054","targetHints":{"allow":["GET"]}}],"collection":[{"href":"https:\/\/www.bankogsparekassemuseet.dk\/index.php?rest_route=\/wp\/v2\/pages"}],"about":[{"href":"https:\/\/www.bankogsparekassemuseet.dk\/index.php?rest_route=\/wp\/v2\/types\/page"}],"author":[{"embeddable":true,"href":"https:\/\/www.bankogsparekassemuseet.dk\/index.php?rest_route=\/wp\/v2\/users\/3"}],"replies":[{"embeddable":true,"href":"https:\/\/www.bankogsparekassemuseet.dk\/index.php?rest_route=%2Fwp%2Fv2%2Fcomments&post=1054"}],"version-history":[{"count":44,"href":"https:\/\/www.bankogsparekassemuseet.dk\/index.php?rest_route=\/wp\/v2\/pages\/1054\/revisions"}],"predecessor-version":[{"id":2785,"href":"https:\/\/www.bankogsparekassemuseet.dk\/index.php?rest_route=\/wp\/v2\/pages\/1054\/revisions\/2785"}],"up":[{"embeddable":true,"href":"https:\/\/www.bankogsparekassemuseet.dk\/index.php?rest_route=\/wp\/v2\/pages\/2106"}],"wp:attachment":[{"href":"https:\/\/www.bankogsparekassemuseet.dk\/index.php?rest_route=%2Fwp%2Fv2%2Fmedia&parent=1054"}],"curies":[{"name":"wp","href":"https:\/\/api.w.org\/{rel}","templated":true}]}}